{"id":735,"date":"2019-12-02T18:11:55","date_gmt":"2019-12-02T16:11:55","guid":{"rendered":"http:\/\/hausverwaltung-franz.de\/?page_id=735"},"modified":"2026-05-04T10:19:42","modified_gmt":"2026-05-04T08:19:42","slug":"team","status":"publish","type":"page","link":"https:\/\/hausverwaltung-franz.de\/?page_id=735","title":{"rendered":"Team"},"content":{"rendered":"\n<div class=\"wp-block-media-text alignwide is-vertically-aligned-center\" style=\"grid-template-columns:15% auto\"><figure class=\"wp-block-media-text__media\"><img loading=\"lazy\" decoding=\"async\" width=\"150\" height=\"150\" src=\"https:\/\/hausverwaltung-franz.de\/wp-content\/uploads\/2023\/01\/facebook_profil-150x150-1.jpg\" alt=\"\" class=\"wp-image-949 size-medium\"\/><\/figure><div class=\"wp-block-media-text__content\">\n<p><strong>Herr Robert Franz<\/strong> (Gesch\u00e4ftsf\u00fchrer)<\/p>\n\n\n\n<p>Tel: <a href=\"tel:+4921222671994\">0212 &#8211; 22 67 1994<\/a><\/p>\n\n\n\n<p>Email: <a href=\"mailto:franz@hv-franz.de\">franz@hv-franz.de<\/a><\/p>\n<\/div><\/div>\n\n\n\n<hr class=\"wp-block-separator has-alpha-channel-opacity is-style-dots\"\/>\n\n\n\n<div class=\"wp-block-media-text alignwide is-vertically-aligned-top\" style=\"grid-template-columns:15% auto\"><figure class=\"wp-block-media-text__media\"><img loading=\"lazy\" decoding=\"async\" width=\"150\" height=\"150\" src=\"https:\/\/hausverwaltung-franz.de\/wp-content\/uploads\/2023\/01\/facebook_profil-150x150-1.jpg\" alt=\"\" class=\"wp-image-949 size-medium\"\/><\/figure><div class=\"wp-block-media-text__content\">\n<p><strong>Herr Mike Henseler<\/strong> (Gesch\u00e4ftsf\u00fchrer)<\/p>\n\n\n\n<p>Tel: <a href=\"tel:+4921222671994\">0212 &#8211; 22 67 1994<\/a><\/p>\n\n\n\n<p>Email: <a href=\"mailto:henseler@hv-franz.de\">henseler@hv-franz.de<\/a><\/p>\n<\/div><\/div>\n\n\n\n<hr class=\"wp-block-separator has-alpha-channel-opacity is-style-dots\"\/>\n\n\n\n<div class=\"wp-block-media-text alignwide is-vertically-aligned-top\" style=\"grid-template-columns:15% auto\"><figure class=\"wp-block-media-text__media\"><img loading=\"lazy\" decoding=\"async\" width=\"150\" height=\"150\" src=\"https:\/\/hausverwaltung-franz.de\/wp-content\/uploads\/2023\/01\/facebook_profil-150x150-1.jpg\" alt=\"\" class=\"wp-image-949 size-medium\"\/><\/figure><div class=\"wp-block-media-text__content\">\n<p><strong>Herr Andr\u00e9 Dier<\/strong> (Immobilienkaufmann)<\/p>\n\n\n\n<p>Tel: <a href=\"tel:+4921222671994\">0212 &#8211; 22 67 1994<\/a><\/p>\n\n\n\n<p>Email: <a href=\"mailto:dier@hv-franz.de\">dier@hv-franz.de<\/a><\/p>\n<\/div><\/div>\n\n\n\n<hr class=\"wp-block-separator has-alpha-channel-opacity is-style-dots\"\/>\n\n\n\n<div class=\"wp-block-media-text alignwide is-vertically-aligned-top\" style=\"grid-template-columns:15% auto\"><figure class=\"wp-block-media-text__media\"><img loading=\"lazy\" decoding=\"async\" width=\"150\" height=\"150\" src=\"https:\/\/hausverwaltung-franz.de\/wp-content\/uploads\/2023\/01\/facebook_profil-150x150-1.jpg\" alt=\"\" class=\"wp-image-949 size-medium\"\/><\/figure><div class=\"wp-block-media-text__content\">\n<p><strong>Frau Meike Franz<\/strong> (Immobilienkauffrau)<\/p>\n\n\n\n<p>Tel: <a href=\"tel:+4921222671994\">0212 &#8211; 22 67 1994<\/a><\/p>\n\n\n\n<p>Email: <a href=\"mailto:buero@hv-franz.de\">buero@hv-franz.de<\/a><\/p>\n<\/div><\/div>\n\n\n\n<hr class=\"wp-block-separator has-alpha-channel-opacity is-style-dots\"\/>\n\n\n\n<div class=\"wp-block-media-text alignwide is-vertically-aligned-top\" style=\"grid-template-columns:15% auto\"><figure class=\"wp-block-media-text__media\"><img loading=\"lazy\" decoding=\"async\" width=\"150\" height=\"150\" src=\"https:\/\/hausverwaltung-franz.de\/wp-content\/uploads\/2023\/01\/facebook_profil-150x150-1.jpg\" alt=\"\" class=\"wp-image-949 size-medium\"\/><\/figure><div class=\"wp-block-media-text__content\">\n<p><strong>Frau Esmeralda Russo<\/strong> (Immobilienkauffrau)<\/p>\n\n\n\n<p>Tel: <a href=\"tel:+4921222671994\">0212 &#8211; 22 67 1994<\/a><\/p>\n\n\n\n<p>Email: <a href=\"mailto:russo@hv-franz.de\">russo@hv-franz.de<\/a><\/p>\n<\/div><\/div>\n\n\n\n<hr class=\"wp-block-separator has-alpha-channel-opacity is-style-dots\"\/>\n\n\n\n<div class=\"wp-block-media-text alignwide is-vertically-aligned-top\" style=\"grid-template-columns:15% auto\"><figure class=\"wp-block-media-text__media\"><img loading=\"lazy\" decoding=\"async\" width=\"150\" height=\"150\" src=\"https:\/\/hausverwaltung-franz.de\/wp-content\/uploads\/2023\/01\/facebook_profil-150x150-1.jpg\" alt=\"\" class=\"wp-image-949 size-medium\"\/><\/figure><div class=\"wp-block-media-text__content\">\n<p><strong>Frau Sarah Pasieka <\/strong> (Rechtsanwaltsfachangestellte)<\/p>\n\n\n\n<p>Tel: <a href=\"tel:+491728347017\">0212 22 67 19 94<\/a><\/p>\n\n\n\n<p>Email: <a href=\"mailto:pasieka@hv-franz.de\">pasieka@hv-franz.de<\/a><\/p>\n<\/div><\/div>\n\n\n\n<hr class=\"wp-block-separator has-alpha-channel-opacity is-style-dots\"\/>\n\n\n\n<div class=\"wp-block-media-text alignwide is-vertically-aligned-top\" style=\"grid-template-columns:15% auto\"><figure class=\"wp-block-media-text__media\"><img loading=\"lazy\" decoding=\"async\" width=\"150\" height=\"150\" src=\"https:\/\/hausverwaltung-franz.de\/wp-content\/uploads\/2023\/01\/facebook_profil-150x150-1.jpg\" alt=\"\" class=\"wp-image-949 size-medium\"\/><\/figure><div class=\"wp-block-media-text__content\">\n<p><strong>Frau Michaela Hammesfahr <\/strong> (Kauffrau)<\/p>\n\n\n\n<p>Tel: <a href=\"tel:+491728347017\">0212 22 67 19 94<\/a><\/p>\n\n\n\n<p>Email: <a href=\"mailto:hammesfahr@hv-franz.de\">hammesfahr@hv-franz.de<\/a><\/p>\n<\/div><\/div>\n\n\n\n<hr class=\"wp-block-separator has-alpha-channel-opacity is-style-dots\"\/>\n\n\n\n<div class=\"wp-block-media-text alignwide is-vertically-aligned-top\" style=\"grid-template-columns:15% auto\"><figure class=\"wp-block-media-text__media\"><img loading=\"lazy\" decoding=\"async\" width=\"150\" height=\"150\" src=\"https:\/\/hausverwaltung-franz.de\/wp-content\/uploads\/2023\/01\/facebook_profil-150x150-1.jpg\" alt=\"\" class=\"wp-image-949 size-medium\"\/><\/figure><div class=\"wp-block-media-text__content\">\n<p><strong>Frau Urszula Fabjanska <\/strong> (Praktikantin)<\/p>\n\n\n\n<p>Tel: <a href=\"tel:+491728347017\">0212 22 67 19 94<\/a><\/p>\n\n\n\n<p>Email: <a href=\"mailto:fabjanska@hv-franz.de\">fabjanska@hv-franz.de<\/a><\/p>\n<\/div><\/div>\n\n\n\n<hr class=\"wp-block-separator has-alpha-channel-opacity is-style-dots\"\/>\n\n\n\n<div class=\"wp-block-media-text alignwide is-vertically-aligned-top\" style=\"grid-template-columns:15% auto\"><figure class=\"wp-block-media-text__media\"><img loading=\"lazy\" decoding=\"async\" width=\"150\" height=\"150\" src=\"https:\/\/hausverwaltung-franz.de\/wp-content\/uploads\/2023\/01\/facebook_profil-150x150-1.jpg\" alt=\"\" class=\"wp-image-949 size-medium\"\/><\/figure><div class=\"wp-block-media-text__content\">\n<p><strong>Frau Katharina Kump<\/strong> (Vermietung)<\/p>\n\n\n\n<p>Tel: <a href=\"tel:+491728347017\">0172 &#8211; 834 70 17<\/a><\/p>\n\n\n\n<p>Email: <a href=\"mailto:kump@hv-franz.de\">kump@hv-franz.de<\/a><\/p>\n<\/div><\/div>\n\n\n\n<hr class=\"wp-block-separator has-alpha-channel-opacity is-style-dots\"\/>\n\n\n\n<div class=\"wp-block-media-text alignwide is-vertically-aligned-top\" style=\"grid-template-columns:15% auto\"><figure class=\"wp-block-media-text__media\"><img loading=\"lazy\" decoding=\"async\" width=\"150\" height=\"150\" src=\"https:\/\/hausverwaltung-franz.de\/wp-content\/uploads\/2023\/01\/facebook_profil-150x150-1.jpg\" alt=\"\" class=\"wp-image-949 size-medium\"\/><\/figure><div class=\"wp-block-media-text__content\">\n<p><strong>Herr Kevin Makiadi<\/strong> (Vermietung)<\/p>\n\n\n\n<p>Tel: <a href=\"tel:+491728347017\">0174 &#8211; 169 39 61<\/a><\/p>\n\n\n\n<p>Email: <a href=\"mailto:wuppertal@hv-franz.de\">k.makiadi@hv-franz.de<\/a><\/p>\n<\/div><\/div>\n\n\n\n<hr class=\"wp-block-separator has-alpha-channel-opacity is-style-dots\"\/>\n\n\n\n<div class=\"wp-block-media-text alignwide is-vertically-aligned-top\" style=\"grid-template-columns:15% auto\"><figure class=\"wp-block-media-text__media\"><img loading=\"lazy\" decoding=\"async\" width=\"150\" height=\"150\" src=\"https:\/\/hausverwaltung-franz.de\/wp-content\/uploads\/2023\/01\/facebook_profil-150x150-1.jpg\" alt=\"\" class=\"wp-image-949 size-medium\"\/><\/figure><div class=\"wp-block-media-text__content\">\n<p><strong>Frau Myriam Makiadi<\/strong> (Vermietung)<\/p>\n\n\n\n<p>Tel: <a href=\"tel:+491728347017\">0172 &#8211; 306 41 33<\/a><\/p>\n\n\n\n<p>Email: <a href=\"mailto:wuppertal@hv-franz.de\">m.makiadi@hv-franz.de<\/a><\/p>\n<\/div><\/div>\n\n\n\n<hr class=\"wp-block-separator has-alpha-channel-opacity is-style-dots\"\/>\n\n\n\n<div class=\"wp-block-group\"><div class=\"wp-block-group__inner-container is-layout-flow wp-block-group-is-layout-flow\">\n<div class=\"wp-block-group\"><div class=\"wp-block-group__inner-container is-layout-constrained wp-block-group-is-layout-constrained\"><\/div><\/div>\n<\/div><\/div>\n\n\n\n<p><\/p>\n","protected":false},"excerpt":{"rendered":"<p>Herr Robert Franz (Gesch\u00e4ftsf\u00fchrer) Tel: 0212 &#8211; 22 67 1994 Email: franz@hv-franz.de Herr Mike Henseler (Gesch\u00e4ftsf\u00fchrer) Tel: 0212 &#8211; 22 67 1994 Email: henseler@hv-franz.de Herr Andr\u00e9 Dier (Immobilienkaufmann) Tel: 0212 &#8211; 22 67 1994 Email: dier@hv-franz.de Frau Meike Franz (Immobilienkauffrau) Tel: 0212 &#8211; 22 67 1994 Email: buero@hv-franz.de Frau Esmeralda Russo (Immobilienkauffrau) Tel: 0212 &#8211; [&hellip;]<\/p>\n","protected":false},"author":1,"featured_media":0,"parent":0,"menu_order":0,"comment_status":"closed","ping_status":"closed","template":"templates\/template-page-full-width.php","meta":{"footnotes":""},"class_list":["post-735","page","type-page","status-publish","hentry"],"_links":{"self":[{"href":"https:\/\/hausverwaltung-franz.de\/index.php?rest_route=\/wp\/v2\/pages\/735","targetHints":{"allow":["GET"]}}],"collection":[{"href":"https:\/\/hausverwaltung-franz.de\/index.php?rest_route=\/wp\/v2\/pages"}],"about":[{"href":"https:\/\/hausverwaltung-franz.de\/index.php?rest_route=\/wp\/v2\/types\/page"}],"author":[{"embeddable":true,"href":"https:\/\/hausverwaltung-franz.de\/index.php?rest_route=\/wp\/v2\/users\/1"}],"replies":[{"embeddable":true,"href":"https:\/\/hausverwaltung-franz.de\/index.php?rest_route=%2Fwp%2Fv2%2Fcomments&post=735"}],"version-history":[{"count":87,"href":"https:\/\/hausverwaltung-franz.de\/index.php?rest_route=\/wp\/v2\/pages\/735\/revisions"}],"predecessor-version":[{"id":1273,"href":"https:\/\/hausverwaltung-franz.de\/index.php?rest_route=\/wp\/v2\/pages\/735\/revisions\/1273"}],"wp:attachment":[{"href":"https:\/\/hausverwaltung-franz.de\/index.php?rest_route=%2Fwp%2Fv2%2Fmedia&parent=735"}],"curies":[{"name":"wp","href":"https:\/\/api.w.org\/{rel}","templated":true}]}}