{"id":1075,"date":"2025-03-17T09:58:15","date_gmt":"2025-03-17T07:58:15","guid":{"rendered":"https:\/\/hausverwaltung-franz.de\/?page_id=1075"},"modified":"2025-03-17T09:58:15","modified_gmt":"2025-03-17T07:58:15","slug":"angebotsanfrage-weg","status":"publish","type":"page","link":"https:\/\/hausverwaltung-franz.de\/?page_id=1075","title":{"rendered":"Angebotsanfrage WEG"},"content":{"rendered":"\n<div class=\"wpcf7 no-js\" id=\"wpcf7-f1079-o1\" lang=\"de-DE\" dir=\"ltr\" data-wpcf7-id=\"1079\">\n<div class=\"screen-reader-response\"><p role=\"status\" aria-live=\"polite\" aria-atomic=\"true\"><\/p> <ul><\/ul><\/div>\n<form action=\"\/index.php?rest_route=%2Fwp%2Fv2%2Fpages%2F1075#wpcf7-f1079-o1\" method=\"post\" class=\"wpcf7-form init\" aria-label=\"Kontaktformular\" enctype=\"multipart\/form-data\" novalidate=\"novalidate\" data-status=\"init\">\n<fieldset class=\"hidden-fields-container\"><input type=\"hidden\" name=\"_wpcf7\" value=\"1079\" \/><input type=\"hidden\" name=\"_wpcf7_version\" value=\"6.1.5\" \/><input type=\"hidden\" name=\"_wpcf7_locale\" value=\"de_DE\" \/><input type=\"hidden\" name=\"_wpcf7_unit_tag\" value=\"wpcf7-f1079-o1\" \/><input type=\"hidden\" name=\"_wpcf7_container_post\" value=\"0\" \/><input type=\"hidden\" name=\"_wpcf7_posted_data_hash\" value=\"\" \/><input type=\"hidden\" name=\"_wpcf7_recaptcha_response\" value=\"\" \/>\n<\/fieldset>\n<p>Sie suchen f\u00fcr Ihre WEG einen neuen WEG-Verwalter?<br \/>\nHerr Robert Franz gilt als zertifizierter WEG-Verwalter gem\u00e4\u00df \u00a726 WEG (IHK zu Hagen) und erstellt Ihnen gerne ein auf Ihre WEG zugeschnittenes individuelles Angebot. Des Weiteren ist die Hausverwaltung Franz ein Ausbildungsbetrieb in dem Berufsbild der Immobilienkauffrau\/mann.\n<\/p>\n<p>Bitte f\u00fcllen Sie die weiter unten aufgef\u00fchrten Felder aus und hinterlegen Sie die gew\u00fcnschten Dateien.<br \/>\nIhr Angebot erhalten Sie zeitnah.\n<\/p>\n<p><label> Dein Name<br \/>\n<span class=\"wpcf7-form-control-wrap\" data-name=\"your-name\"><input size=\"40\" maxlength=\"400\" class=\"wpcf7-form-control wpcf7-text wpcf7-validates-as-required\" autocomplete=\"name\" aria-required=\"true\" aria-invalid=\"false\" value=\"\" type=\"text\" name=\"your-name\" \/><\/span> <\/label>\n<\/p>\n<p><label> Deine Rufnummer<br \/>\n<span class=\"wpcf7-form-control-wrap\" data-name=\"tel-235\"><input size=\"40\" maxlength=\"400\" class=\"wpcf7-form-control wpcf7-tel wpcf7-text wpcf7-validates-as-tel\" aria-invalid=\"false\" value=\"\" type=\"tel\" name=\"tel-235\" \/><\/span> <\/label>\n<\/p>\n<p><label> Deine E-Mail-Adresse<br \/>\n<span class=\"wpcf7-form-control-wrap\" data-name=\"your-email\"><input size=\"40\" maxlength=\"400\" class=\"wpcf7-form-control wpcf7-email wpcf7-validates-as-required wpcf7-text wpcf7-validates-as-email\" autocomplete=\"email\" aria-required=\"true\" aria-invalid=\"false\" value=\"\" type=\"email\" name=\"your-email\" \/><\/span> <\/label>\n<\/p>\n<p><label> Um welche WEG handelt es sich? (Stra\u00dfe\/Ort)<br \/>\n<span class=\"wpcf7-form-control-wrap\" data-name=\"text-181\"><input size=\"40\" maxlength=\"400\" class=\"wpcf7-form-control wpcf7-text\" aria-invalid=\"false\" value=\"\" type=\"text\" name=\"text-181\" \/><\/span> <\/label>\n<\/p>\n<p><label> Wie viele Wohnungen\/Gewerbe sollen verwaltet werden?<br \/>\n<span class=\"wpcf7-form-control-wrap\" data-name=\"text-782\"><input size=\"40\" maxlength=\"400\" class=\"wpcf7-form-control wpcf7-text\" aria-invalid=\"false\" value=\"\" type=\"text\" name=\"text-782\" \/><\/span> <\/label>\n<\/p>\n<p><label> Wie viele Garagen\/Stellpl\u00e4tze sollen verwaltet werden?<br \/>\n<span class=\"wpcf7-form-control-wrap\" data-name=\"text-862\"><input size=\"40\" maxlength=\"400\" class=\"wpcf7-form-control wpcf7-text\" aria-invalid=\"false\" value=\"\" type=\"text\" name=\"text-862\" \/><\/span><\/label>\n<\/p>\n<p><label> Ab wann soll die Verwaltung starten?<br \/>\n<span class=\"wpcf7-form-control-wrap\" data-name=\"text-282\"><input size=\"40\" maxlength=\"400\" class=\"wpcf7-form-control wpcf7-text\" aria-invalid=\"false\" value=\"\" type=\"text\" name=\"text-282\" \/><\/span><\/label>\n<\/p>\n<p><label> Deine Teilungserkl\u00e4rung<br \/>\n<span class=\"wpcf7-form-control-wrap\" data-name=\"file-533\"><input size=\"40\" class=\"wpcf7-form-control wpcf7-file wpcf7-validates-as-required\" accept=\"audio\/*,video\/*,image\/*,application\/pdf\" aria-required=\"true\" aria-invalid=\"false\" type=\"file\" name=\"file-533\" \/><\/span> <\/label>\n<\/p>\n<p><label> Niederschrift Deiner letzten Eigent\u00fcmerversammlung<br \/>\n<span class=\"wpcf7-form-control-wrap\" data-name=\"file-731\"><input size=\"40\" class=\"wpcf7-form-control wpcf7-file wpcf7-validates-as-required\" accept=\"audio\/*,video\/*,image\/*,application\/pdf\" aria-required=\"true\" aria-invalid=\"false\" type=\"file\" name=\"file-731\" \/><\/span> <\/label>\n<\/p>\n<p><label> Deine Nachricht (optional)<br \/>\n<span class=\"wpcf7-form-control-wrap\" data-name=\"your-message\"><textarea cols=\"40\" rows=\"10\" maxlength=\"2000\" class=\"wpcf7-form-control wpcf7-textarea\" aria-invalid=\"false\" name=\"your-message\"><\/textarea><\/span> <\/label>\n<\/p>\n<p><input class=\"wpcf7-form-control wpcf7-submit has-spinner\" type=\"submit\" value=\"Senden\" \/>\n<\/p><div class=\"wpcf7-response-output\" aria-hidden=\"true\"><\/div>\n<\/form>\n<\/div>\n\r\n\t\t\t\t<script>\r\n\t\t\t\tif ( typeof huOptions !== 'undefined' ) {\r\n\t\t\t\t\tvar huFormData = {\"source\":\"contactform7\",\"id\":1079,\"title\":\"WEG Anfragen\",\"fields\":{\"subject\":{\"first_name\":\"your-name\",\"email\":\"your-email\"},\"preferences\":{\"terms\":\"your-consent\"}}};\r\n\t\t\t\t\tvar huFormNode = document.querySelector( '[id^=\"wpcf7-f1079-\"] form' );\r\n\r\n\t\t\t\t\thuFormData['node'] = huFormNode;\r\n\t\t\t\t\thuOptions['forms'].push( huFormData );\r\n\t\t\t\t}\r\n\t\t\t\t<\/script>\n\n\n\n<p><\/p>\n","protected":false},"excerpt":{"rendered":"","protected":false},"author":15,"featured_media":0,"parent":0,"menu_order":0,"comment_status":"closed","ping_status":"closed","template":"","meta":{"footnotes":""},"class_list":["post-1075","page","type-page","status-publish","hentry"],"_links":{"self":[{"href":"https:\/\/hausverwaltung-franz.de\/index.php?rest_route=\/wp\/v2\/pages\/1075","targetHints":{"allow":["GET"]}}],"collection":[{"href":"https:\/\/hausverwaltung-franz.de\/index.php?rest_route=\/wp\/v2\/pages"}],"about":[{"href":"https:\/\/hausverwaltung-franz.de\/index.php?rest_route=\/wp\/v2\/types\/page"}],"author":[{"embeddable":true,"href":"https:\/\/hausverwaltung-franz.de\/index.php?rest_route=\/wp\/v2\/users\/15"}],"replies":[{"embeddable":true,"href":"https:\/\/hausverwaltung-franz.de\/index.php?rest_route=%2Fwp%2Fv2%2Fcomments&post=1075"}],"version-history":[{"count":6,"href":"https:\/\/hausverwaltung-franz.de\/index.php?rest_route=\/wp\/v2\/pages\/1075\/revisions"}],"predecessor-version":[{"id":1082,"href":"https:\/\/hausverwaltung-franz.de\/index.php?rest_route=\/wp\/v2\/pages\/1075\/revisions\/1082"}],"wp:attachment":[{"href":"https:\/\/hausverwaltung-franz.de\/index.php?rest_route=%2Fwp%2Fv2%2Fmedia&parent=1075"}],"curies":[{"name":"wp","href":"https:\/\/api.w.org\/{rel}","templated":true}]}}