{"id":1038,"date":"2024-06-05T15:59:22","date_gmt":"2024-06-05T13:59:22","guid":{"rendered":"https:\/\/hausverwaltung-franz.de\/?page_id=1038"},"modified":"2024-06-14T10:30:40","modified_gmt":"2024-06-14T08:30:40","slug":"stellenangebote","status":"publish","type":"page","link":"https:\/\/hausverwaltung-franz.de\/?page_id=1038","title":{"rendered":"Stellenangebote"},"content":{"rendered":"\n<p><\/p>\n\n\n\n<p class=\"has-large-font-size\"><strong>Gesucht: Mitarbeiter\/in (M\/W\/D) f\u00fcr die Immobilienverwaltung, 30-40 Std. Vollzeit sowie Auszubildende\/r (M\/W\/D) als Immobilienkauffrau\/Immobilienkaufmann<\/strong> <\/p>\n\n\n\n<p><\/p>\n\n\n\n<p>Wir bieten Ihnen einen abwechslungsreichen Arbeitsalltag in unserem Familienbetrieb, gepr\u00e4gt durch verschiedene T\u00e4tigkeiten wie:<\/p>\n\n\n\n<ul class=\"wp-block-list\">\n<li>Selbstst\u00e4ndige Durchf\u00fchrung von Wohnungsabnahmen &amp; \u00dcbergaben<\/li>\n\n\n\n<li>Bearbeitung &amp; Abwicklung von Schadensf\u00e4llen &amp; Rechnungen<\/li>\n\n\n\n<li>Abwicklung &amp; Abschluss von Dienstleistungs-, Wartungs- &amp; Mietvertr\u00e4gen<\/li>\n\n\n\n<li>Erstellung von Betriebskostenabrechnungen<\/li>\n\n\n\n<li>Buchungen aller Ein- &amp; Ausgabebelege<\/li>\n<\/ul>\n\n\n\n<p><\/p>\n\n\n\n<p>Ihr Profil:<\/p>\n\n\n\n<ul class=\"wp-block-list\">\n<li>Eine abgeschlossene kaufm\u00e4nnische Berufsausbildung (idealerweise mit Immobilienwirtschaftlichem Hintergrund)<\/li>\n\n\n\n<li>Berufserfahrung in der Immobilienwirtschaft w\u00fcnschenswert<\/li>\n\n\n\n<li>Gute MS-Office Kenntnisse<\/li>\n\n\n\n<li>Kundenorientiertes Handeln durch selbstst\u00e4ndiges &amp; organisiertes Arbeiten<\/li>\n\n\n\n<li>PKW-F\u00fchrerschein &amp; eigenes Fahrzeug<\/li>\n<\/ul>\n\n\n\n<p><\/p>\n\n\n\n<p>Sind Sie auf der Suche nach einer neuen beruflichen Herausforderung und haben wir Ihr Interesse geweckt? Dann freuen wir uns auf Ihre Bewerbungsunterlagen.\u00a0Bitte senden Sie diese an <a>franz@hv-franz.de<\/a>.<\/p>\n","protected":false},"excerpt":{"rendered":"<p>Gesucht: Mitarbeiter\/in (M\/W\/D) f\u00fcr die Immobilienverwaltung, 30-40 Std. Vollzeit sowie Auszubildende\/r (M\/W\/D) als Immobilienkauffrau\/Immobilienkaufmann Wir bieten Ihnen einen abwechslungsreichen Arbeitsalltag in unserem Familienbetrieb, gepr\u00e4gt durch verschiedene T\u00e4tigkeiten wie: Ihr Profil: Sind Sie auf der Suche nach einer neuen beruflichen Herausforderung und haben wir Ihr Interesse geweckt? Dann freuen wir uns auf Ihre Bewerbungsunterlagen.\u00a0Bitte senden Sie [&hellip;]<\/p>\n","protected":false},"author":15,"featured_media":0,"parent":0,"menu_order":0,"comment_status":"closed","ping_status":"closed","template":"","meta":{"footnotes":""},"class_list":["post-1038","page","type-page","status-publish","hentry"],"_links":{"self":[{"href":"https:\/\/hausverwaltung-franz.de\/index.php?rest_route=\/wp\/v2\/pages\/1038","targetHints":{"allow":["GET"]}}],"collection":[{"href":"https:\/\/hausverwaltung-franz.de\/index.php?rest_route=\/wp\/v2\/pages"}],"about":[{"href":"https:\/\/hausverwaltung-franz.de\/index.php?rest_route=\/wp\/v2\/types\/page"}],"author":[{"embeddable":true,"href":"https:\/\/hausverwaltung-franz.de\/index.php?rest_route=\/wp\/v2\/users\/15"}],"replies":[{"embeddable":true,"href":"https:\/\/hausverwaltung-franz.de\/index.php?rest_route=%2Fwp%2Fv2%2Fcomments&post=1038"}],"version-history":[{"count":6,"href":"https:\/\/hausverwaltung-franz.de\/index.php?rest_route=\/wp\/v2\/pages\/1038\/revisions"}],"predecessor-version":[{"id":1048,"href":"https:\/\/hausverwaltung-franz.de\/index.php?rest_route=\/wp\/v2\/pages\/1038\/revisions\/1048"}],"wp:attachment":[{"href":"https:\/\/hausverwaltung-franz.de\/index.php?rest_route=%2Fwp%2Fv2%2Fmedia&parent=1038"}],"curies":[{"name":"wp","href":"https:\/\/api.w.org\/{rel}","templated":true}]}}